{"id":36,"date":"2017-02-16T09:13:19","date_gmt":"2017-02-16T08:13:19","guid":{"rendered":"http:\/\/mxajfmgl.preview.infomaniak.website\/?page_id=36"},"modified":"2026-01-06T08:54:12","modified_gmt":"2026-01-06T07:54:12","slug":"accueil","status":"publish","type":"page","link":"https:\/\/larmada.ch\/en\/","title":{"rendered":"Page d&rsquo;accueil"},"content":{"rendered":"<div data-elementor-type=\"wp-page\" data-elementor-id=\"36\" class=\"elementor elementor-36\" data-elementor-post-type=\"page\">\n\t\t\t\t<div class=\"elementor-element elementor-element-665a3e4 e-con-full e-flex e-con e-parent\" data-id=\"665a3e4\" data-element_type=\"container\" data-e-type=\"container\" data-settings=\"{&quot;jet_parallax_layout_list&quot;:[],&quot;position&quot;:&quot;fixed&quot;,&quot;animation_tablet&quot;:&quot;none&quot;}\">\n\t\t<div class=\"elementor-element elementor-element-fe29f34 e-con-full jedv-enabled--yes e-flex e-con e-child\" data-id=\"fe29f34\" data-element_type=\"container\" data-e-type=\"container\" data-settings=\"{&quot;background_background&quot;:&quot;video&quot;,&quot;jet_parallax_layout_list&quot;:[],&quot;position&quot;:&quot;fixed&quot;,&quot;animation_tablet&quot;:&quot;none&quot;,&quot;background_play_on_mobile&quot;:&quot;yes&quot;,&quot;background_video_link&quot;:&quot;https:\\\/\\\/larmada.ch\\\/wp-content\\\/uploads\\\/2026\\\/01\\\/26.01.06-Accueil-site-web-V2.mp4&quot;}\">\n\t\t<div class=\"elementor-background-video-container\">\n\t\t\t\t\t\t\t<video class=\"elementor-background-video-hosted\" role=\"presentation\" autoplay muted playsinline loop><\/video>\n\t\t\t\t\t<\/div>\t\t<\/div>\n\t\t\t\t<\/div>\n\t\t<div class=\"elementor-element elementor-element-3a68cc2 e-flex e-con-boxed e-con e-parent\" data-id=\"3a68cc2\" data-element_type=\"container\" data-e-type=\"container\" id=\"fullpage\" data-settings=\"{&quot;jet_parallax_layout_list&quot;:[],&quot;background_background&quot;:&quot;gradient&quot;}\">\n\t\t\t\t\t<div class=\"e-con-inner\">\n\t\t<div class=\"elementor-element elementor-element-cd85865 e-con-full e-flex e-con e-child\" data-id=\"cd85865\" data-element_type=\"container\" data-e-type=\"container\" data-settings=\"{&quot;jet_parallax_layout_list&quot;:[]}\">\n\t\t\t\t<div class=\"elementor-element elementor-element-b178b01 elementor-widget elementor-widget-template\" data-id=\"b178b01\" data-element_type=\"widget\" data-e-type=\"widget\" data-widget_type=\"template.default\">\n\t\t\t\t<div class=\"elementor-widget-container\">\n\t\t\t\t\t\t\t<div class=\"elementor-template\">\n\t\t\t\t\t<div data-elementor-type=\"section\" data-elementor-id=\"33050\" class=\"elementor elementor-33050\" data-elementor-post-type=\"elementor_library\">\n\t\t\t<div class=\"elementor-element elementor-element-7ef68a7 e-flex e-con-boxed e-con e-parent\" data-id=\"7ef68a7\" data-element_type=\"container\" data-e-type=\"container\" data-settings=\"{&quot;jet_parallax_layout_list&quot;:[],&quot;background_background&quot;:&quot;classic&quot;}\">\n\t\t\t\t\t<div class=\"e-con-inner\">\n\t\t<div class=\"elementor-element elementor-element-2925dd1 e-con-full e-flex e-con e-child\" data-id=\"2925dd1\" data-element_type=\"container\" data-e-type=\"container\" data-settings=\"{&quot;jet_parallax_layout_list&quot;:[]}\">\n\t\t\t\t<div class=\"elementor-element elementor-element-df97231 elementor-widget elementor-widget-heading\" data-id=\"df97231\" data-element_type=\"widget\" data-e-type=\"widget\" data-widget_type=\"heading.default\">\n\t\t\t\t<div class=\"elementor-widget-container\">\n\t\t\t\t\t<h2 class=\"elementor-heading-title elementor-size-default\">Charting the<br>Unforgettable<\/h2>\t\t\t\t<\/div>\n\t\t\t\t<\/div>\n\t\t\t\t<\/div>\n\t\t\t\t<div class=\"elementor-element elementor-element-a9d0c09 elementor-widget elementor-widget-spacer\" data-id=\"a9d0c09\" data-element_type=\"widget\" data-e-type=\"widget\" data-widget_type=\"spacer.default\">\n\t\t\t\t<div class=\"elementor-widget-container\">\n\t\t\t\t\t\t\t<div class=\"elementor-spacer\">\n\t\t\t<div class=\"elementor-spacer-inner\"><\/div>\n\t\t<\/div>\n\t\t\t\t\t\t<\/div>\n\t\t\t\t<\/div>\n\t\t<div class=\"elementor-element elementor-element-3c8ccb9 e-con-full e-flex e-con e-child\" data-id=\"3c8ccb9\" data-element_type=\"container\" data-e-type=\"container\" data-settings=\"{&quot;jet_parallax_layout_list&quot;:[]}\">\n\t\t\t\t<div class=\"elementor-element elementor-element-aac3d09 elementor-widget__width-initial elementor-widget elementor-widget-text-editor\" data-id=\"aac3d09\" data-element_type=\"widget\" data-e-type=\"widget\" data-widget_type=\"text-editor.default\">\n\t\t\t\t<div class=\"elementor-widget-container\">\n\t\t\t\t\t\t\t\t\tLARMADA is Swiss event agency specialized in bespoke event planning in Switzerland. Anchored in expertise, driven by precision, and powered by impact, we chart a course to turn every project into a striking voyage. From the first spark of an idea to the final detail on deck, we sail with intention and exacting standards toward a clear goal: anchoring lasting impressions in the minds of those we touch.\t\t\t\t\t\t\t\t<\/div>\n\t\t\t\t<\/div>\n\t\t\t\t<\/div>\n\t\t\t\t\t<\/div>\n\t\t\t\t<\/div>\n\t\t\t\t<\/div>\n\t\t\t\t<\/div>\n\t\t\t\t\t\t<\/div>\n\t\t\t\t<\/div>\n\t\t\t\t<\/div>\n\t\t<div class=\"elementor-element elementor-element-c152714 e-con-full e-flex e-con e-child\" data-id=\"c152714\" data-element_type=\"container\" data-e-type=\"container\" data-settings=\"{&quot;background_background&quot;:&quot;classic&quot;,&quot;jet_parallax_layout_list&quot;:[]}\">\n\t\t<div class=\"elementor-element elementor-element-74e7f49 e-con-full e-flex e-con e-child\" data-id=\"74e7f49\" data-element_type=\"container\" data-e-type=\"container\" data-settings=\"{&quot;jet_parallax_layout_list&quot;:[],&quot;background_background&quot;:&quot;classic&quot;}\">\n\t\t\t\t<div class=\"elementor-element elementor-element-38a7bf9 elementor-widget elementor-widget-text-editor\" data-id=\"38a7bf9\" data-element_type=\"widget\" data-e-type=\"widget\" data-widget_type=\"text-editor.default\">\n\t\t\t\t<div class=\"elementor-widget-container\">\n\t\t\t\t\t\t\t\t\t<h1>Your event partner in Switzerland<\/h1>\n<p>Every project is a new destination to reach. LARMADA, a leading event agency in Switzerland, orchestrates tailor-made events with creativity, control, and purpose. From Geneva to Lausanne, from Neuch\u00e2tel to Fribourg, we partner with companies, institutions, and brands to design and deliver distinctive events that make a lasting impact and bring their vision to life.<\/p>\n<p>We approach each project as a journey, with precision and purpose. Whether it\u2019s a conference, product launch, trade show, corporate event or grand opening, we create custom, innovative experiences designed to leave a lasting impression. We design cohesive narratives, striking atmospheres, and functional setups tailored to your needs and your audience.<\/p>\n<p>&nbsp;<\/p>\n<h2>A global agency for tailor-made solutions<\/h2>\n<p>Our approach is defined by end-to-end event management in Switzerland, from the first plans to on-site execution. Detailed planning, supplier selection, flow management, contingency handling: every detail is accounted for. Every element is aligned to ensure a smooth delivery and an event that meets the highest standards.<\/p>\n<p>LARMADA also brings deep expertise in bespoke event creation. Our visual production and technical skills come together to shape immersive scenographies, where every light, sound, and image contributes to a precisely orchestrated staging. We refine signage, branding, and decorative elements to strengthen your message and elevate the experience.<\/p>\n<p>Aboard LARMADA, your project is supported by a committed crew, a sharp vision, and hands-on know-how. We collaborate closely with our clients to design events that reflect their identity, uphold their values, and surpass their ambitions.<\/p>\n<p>Ready to set sail? With LARMADA, your trusted event agency in Switzerland, explore new horizons and turn your events into extraordinary adventures. Contact <a href=\"https:\/\/larmada.ch\/en\/team\/\">Our team<\/a> and let\u2019s chart your next course together.<\/p>\n\t\t\t\t\t\t\t\t<\/div>\n\t\t\t\t<\/div>\n\t\t\t\t<\/div>\n\t\t\t\t<\/div>\n\t\t\t\t\t<\/div>\n\t\t\t\t<\/div>\n\t\t\t\t<\/div>","protected":false},"excerpt":{"rendered":"","protected":false},"author":1,"featured_media":35355,"parent":0,"menu_order":0,"comment_status":"closed","ping_status":"closed","template":"","meta":{"footnotes":""},"class_list":["post-36","page","type-page","status-publish","has-post-thumbnail","hentry"],"yoast_head":"<!-- This site is optimized with the Yoast SEO Premium plugin v26.1 (Yoast SEO v26.8) - https:\/\/yoast.com\/product\/yoast-seo-premium-wordpress\/ -->\n<title>Agence \u00e9v\u00e9nementielle en Suisse romande | LARMADA<\/title>\n<meta name=\"description\" content=\"LARMADA, agence \u00e9v\u00e9nementielle en Suisse romande, cr\u00e9e et pilote des \u00e9v\u00e9nements uniques et impactants pour vos projets.\" \/>\n<meta name=\"robots\" content=\"index, follow, max-snippet:-1, max-image-preview:large, max-video-preview:-1\" \/>\n<link rel=\"canonical\" href=\"https:\/\/larmada.ch\/en\/\" \/>\n<meta property=\"og:locale\" content=\"en_US\" \/>\n<meta property=\"og:type\" content=\"article\" \/>\n<meta property=\"og:title\" content=\"LARMADA | agence \u00e9v\u00e9nementielle en Suisse romande\" \/>\n<meta property=\"og:description\" content=\"LARMADA, agence \u00e9v\u00e9nementielle en Suisse romande, cr\u00e9e et pilote des \u00e9v\u00e9nements uniques et impactants pour vos projets.\" \/>\n<meta property=\"og:url\" content=\"https:\/\/larmada.ch\/en\/\" \/>\n<meta property=\"og:site_name\" content=\"LARMADA\" \/>\n<meta property=\"article:publisher\" content=\"https:\/\/www.facebook.com\/profile.php?id=61552300411742&amp;locale=fr_FR\" \/>\n<meta property=\"article:modified_time\" content=\"2026-01-06T07:54:12+00:00\" \/>\n<meta property=\"og:image\" content=\"https:\/\/larmada.ch\/wp-content\/uploads\/2025\/09\/agence-evenementielle-suisse-romande.webp\" \/>\n\t<meta property=\"og:image:width\" content=\"1200\" \/>\n\t<meta property=\"og:image:height\" content=\"1200\" \/>\n\t<meta property=\"og:image:type\" content=\"image\/webp\" \/>\n<meta name=\"twitter:card\" content=\"summary_large_image\" \/>\n<meta name=\"twitter:title\" content=\"LARMADA | agence \u00e9v\u00e9nementielle en Suisse romande\" \/>\n<meta name=\"twitter:description\" content=\"LARMADA, agence \u00e9v\u00e9nementielle en Suisse romande, cr\u00e9e et pilote des \u00e9v\u00e9nements uniques et impactants pour vos projets.\" \/>\n<meta name=\"twitter:label1\" content=\"Est. reading time\" \/>\n\t<meta name=\"twitter:data1\" content=\"1 minute\" \/>\n<script type=\"application\/ld+json\" class=\"yoast-schema-graph\">{\"@context\":\"https:\/\/schema.org\",\"@graph\":[{\"@type\":\"WebPage\",\"@id\":\"https:\/\/larmada.ch\/\",\"url\":\"https:\/\/larmada.ch\/\",\"name\":\"Agence \u00e9v\u00e9nementielle en Suisse romande | LARMADA\",\"isPartOf\":{\"@id\":\"https:\/\/larmada.ch\/#website\"},\"primaryImageOfPage\":{\"@id\":\"https:\/\/larmada.ch\/#primaryimage\"},\"image\":{\"@id\":\"https:\/\/larmada.ch\/#primaryimage\"},\"thumbnailUrl\":\"https:\/\/larmada.ch\/wp-content\/uploads\/2025\/09\/agence-evenementielle-suisse-romande.webp\",\"datePublished\":\"2017-02-16T08:13:19+00:00\",\"dateModified\":\"2026-01-06T07:54:12+00:00\",\"description\":\"LARMADA, agence \u00e9v\u00e9nementielle en Suisse romande, cr\u00e9e et pilote des \u00e9v\u00e9nements uniques et impactants pour vos projets.\",\"breadcrumb\":{\"@id\":\"https:\/\/larmada.ch\/#breadcrumb\"},\"inLanguage\":\"en-US\",\"potentialAction\":[{\"@type\":\"ReadAction\",\"target\":[\"https:\/\/larmada.ch\/\"]}]},{\"@type\":\"ImageObject\",\"inLanguage\":\"en-US\",\"@id\":\"https:\/\/larmada.ch\/#primaryimage\",\"url\":\"https:\/\/larmada.ch\/wp-content\/uploads\/2025\/09\/agence-evenementielle-suisse-romande.webp\",\"contentUrl\":\"https:\/\/larmada.ch\/wp-content\/uploads\/2025\/09\/agence-evenementielle-suisse-romande.webp\",\"width\":1200,\"height\":1200,\"caption\":\"Logo larmada agence evenementielle suisse romande\"},{\"@type\":\"BreadcrumbList\",\"@id\":\"https:\/\/larmada.ch\/#breadcrumb\",\"itemListElement\":[{\"@type\":\"ListItem\",\"position\":1,\"name\":\"Accueil\",\"item\":\"https:\/\/larmada.ch\/\"},{\"@type\":\"ListItem\",\"position\":2,\"name\":\"Page d&rsquo;accueil\"}]},{\"@type\":\"WebSite\",\"@id\":\"https:\/\/larmada.ch\/#website\",\"url\":\"https:\/\/larmada.ch\/\",\"name\":\"LARMADA\",\"description\":\"Cap sur l&#039;inoubliable\",\"publisher\":{\"@id\":\"https:\/\/larmada.ch\/#organization\"},\"potentialAction\":[{\"@type\":\"SearchAction\",\"target\":{\"@type\":\"EntryPoint\",\"urlTemplate\":\"https:\/\/larmada.ch\/?s={search_term_string}\"},\"query-input\":{\"@type\":\"PropertyValueSpecification\",\"valueRequired\":true,\"valueName\":\"search_term_string\"}}],\"inLanguage\":\"en-US\"},{\"@type\":\"Organization\",\"@id\":\"https:\/\/larmada.ch\/#organization\",\"name\":\"LARMADA\",\"url\":\"https:\/\/larmada.ch\/\",\"logo\":{\"@type\":\"ImageObject\",\"inLanguage\":\"en-US\",\"@id\":\"https:\/\/larmada.ch\/#\/schema\/logo\/image\/\",\"url\":\"https:\/\/larmada.ch\/wp-content\/uploads\/2023\/10\/LARMADA-WHITE@2x.png\",\"contentUrl\":\"https:\/\/larmada.ch\/wp-content\/uploads\/2023\/10\/LARMADA-WHITE@2x.png\",\"width\":1952,\"height\":212,\"caption\":\"LARMADA\"},\"image\":{\"@id\":\"https:\/\/larmada.ch\/#\/schema\/logo\/image\/\"},\"sameAs\":[\"https:\/\/www.facebook.com\/profile.php?id=61552300411742&locale=fr_FR\",\"https:\/\/www.instagram.com\/larmada.ch\/\",\"https:\/\/www.linkedin.com\/company\/99556323\/admin\/feed\/posts\/\"]}]}<\/script>\n<!-- \/ Yoast SEO Premium plugin. -->","yoast_head_json":{"title":"event agency in Switzerland | LARMADA","description":"LARMADA, your event agency in Switzerland, designs and delivers bespoke events. From planning to execution, we create experiences that last.","robots":{"index":"index","follow":"follow","max-snippet":"max-snippet:-1","max-image-preview":"max-image-preview:large","max-video-preview":"max-video-preview:-1"},"canonical":"https:\/\/larmada.ch\/en\/","og_locale":"en_US","og_type":"article","og_title":"LARMADA | agence \u00e9v\u00e9nementielle en Suisse romande","og_description":"LARMADA, agence \u00e9v\u00e9nementielle en Suisse romande, cr\u00e9e et pilote des \u00e9v\u00e9nements uniques et impactants pour vos projets.","og_url":"https:\/\/larmada.ch\/en\/","og_site_name":"LARMADA","article_publisher":"https:\/\/www.facebook.com\/profile.php?id=61552300411742&locale=fr_FR","article_modified_time":"2026-01-06T07:54:12+00:00","og_image":[{"width":1200,"height":1200,"url":"https:\/\/larmada.ch\/wp-content\/uploads\/2025\/09\/agence-evenementielle-suisse-romande.webp","type":"image\/webp"}],"twitter_card":"summary_large_image","twitter_title":"LARMADA | agence \u00e9v\u00e9nementielle en Suisse romande","twitter_description":"LARMADA, agence \u00e9v\u00e9nementielle en Suisse romande, cr\u00e9e et pilote des \u00e9v\u00e9nements uniques et impactants pour vos projets.","twitter_misc":{"Est. reading time":"1 minute"},"schema":{"@context":"https:\/\/schema.org","@graph":[{"@type":"WebPage","@id":"https:\/\/larmada.ch\/","url":"https:\/\/larmada.ch\/","name":"event agency in Switzerland | LARMADA","isPartOf":{"@id":"https:\/\/larmada.ch\/#website"},"primaryImageOfPage":{"@id":"https:\/\/larmada.ch\/#primaryimage"},"image":{"@id":"https:\/\/larmada.ch\/#primaryimage"},"thumbnailUrl":"https:\/\/larmada.ch\/wp-content\/uploads\/2025\/09\/agence-evenementielle-suisse-romande.webp","datePublished":"2017-02-16T08:13:19+00:00","dateModified":"2026-01-06T07:54:12+00:00","description":"LARMADA, your event agency in Switzerland, designs and delivers bespoke events. From planning to execution, we create experiences that last.","breadcrumb":{"@id":"https:\/\/larmada.ch\/#breadcrumb"},"inLanguage":"en-US","potentialAction":[{"@type":"ReadAction","target":["https:\/\/larmada.ch\/"]}]},{"@type":"ImageObject","inLanguage":"en-US","@id":"https:\/\/larmada.ch\/#primaryimage","url":"https:\/\/larmada.ch\/wp-content\/uploads\/2025\/09\/agence-evenementielle-suisse-romande.webp","contentUrl":"https:\/\/larmada.ch\/wp-content\/uploads\/2025\/09\/agence-evenementielle-suisse-romande.webp","width":1200,"height":1200,"caption":"Logo larmada agence evenementielle suisse romande"},{"@type":"BreadcrumbList","@id":"https:\/\/larmada.ch\/#breadcrumb","itemListElement":[{"@type":"ListItem","position":1,"name":"Accueil","item":"https:\/\/larmada.ch\/"},{"@type":"ListItem","position":2,"name":"Page d&rsquo;accueil"}]},{"@type":"WebSite","@id":"https:\/\/larmada.ch\/#website","url":"https:\/\/larmada.ch\/","name":"LARMADA","description":"Charting the Unforgettable","publisher":{"@id":"https:\/\/larmada.ch\/#organization"},"potentialAction":[{"@type":"SearchAction","target":{"@type":"EntryPoint","urlTemplate":"https:\/\/larmada.ch\/?s={search_term_string}"},"query-input":{"@type":"PropertyValueSpecification","valueRequired":true,"valueName":"search_term_string"}}],"inLanguage":"en-US"},{"@type":"Organization","@id":"https:\/\/larmada.ch\/#organization","name":"LARMADA","url":"https:\/\/larmada.ch\/","logo":{"@type":"ImageObject","inLanguage":"en-US","@id":"https:\/\/larmada.ch\/#\/schema\/logo\/image\/","url":"https:\/\/larmada.ch\/wp-content\/uploads\/2023\/10\/LARMADA-WHITE@2x.png","contentUrl":"https:\/\/larmada.ch\/wp-content\/uploads\/2023\/10\/LARMADA-WHITE@2x.png","width":1952,"height":212,"caption":"LARMADA"},"image":{"@id":"https:\/\/larmada.ch\/#\/schema\/logo\/image\/"},"sameAs":["https:\/\/www.facebook.com\/profile.php?id=61552300411742&locale=fr_FR","https:\/\/www.instagram.com\/larmada.ch\/","https:\/\/www.linkedin.com\/company\/99556323\/admin\/feed\/posts\/"]}]}},"_links":{"self":[{"href":"https:\/\/larmada.ch\/en\/wp-json\/wp\/v2\/pages\/36","targetHints":{"allow":["GET"]}}],"collection":[{"href":"https:\/\/larmada.ch\/en\/wp-json\/wp\/v2\/pages"}],"about":[{"href":"https:\/\/larmada.ch\/en\/wp-json\/wp\/v2\/types\/page"}],"author":[{"embeddable":true,"href":"https:\/\/larmada.ch\/en\/wp-json\/wp\/v2\/users\/1"}],"replies":[{"embeddable":true,"href":"https:\/\/larmada.ch\/en\/wp-json\/wp\/v2\/comments?post=36"}],"version-history":[{"count":3082,"href":"https:\/\/larmada.ch\/en\/wp-json\/wp\/v2\/pages\/36\/revisions"}],"predecessor-version":[{"id":35414,"href":"https:\/\/larmada.ch\/en\/wp-json\/wp\/v2\/pages\/36\/revisions\/35414"}],"wp:featuredmedia":[{"embeddable":true,"href":"https:\/\/larmada.ch\/en\/wp-json\/wp\/v2\/media\/35355"}],"wp:attachment":[{"href":"https:\/\/larmada.ch\/en\/wp-json\/wp\/v2\/media?parent=36"}],"curies":[{"name":"wp","href":"https:\/\/api.w.org\/{rel}","templated":true}]}}